{"id":9,"date":"2013-05-31T08:44:43","date_gmt":"2013-05-31T08:44:43","guid":{"rendered":"http:\/\/zephyr.us-themes.com\/home-2\/"},"modified":"2025-04-01T17:39:28","modified_gmt":"2025-04-01T16:39:28","slug":"home-2-2-2","status":"publish","type":"page","link":"https:\/\/alvospot.com\/site\/","title":{"rendered":"In\u00edcio"},"content":{"rendered":"<section class=\"l-section wpb_row height_auto width_full\"><div class=\"l-section-h i-cf\"><div class=\"g-cols vc_row via_grid cols_1 laptops-cols_inherit tablets-cols_inherit mobiles-cols_1 valign_top type_default stacking_default\"><div class=\"wpb_column vc_column_container\"><div class=\"vc_column-inner\"><div class=\"wpb_text_column\"><div class=\"wpb_wrapper\"><p>[rev_slider_vc alias=&#8221;zephyr-2&#8243;]<\/p>\n<\/div><\/div><\/div><\/div><\/div><\/div><\/section><section class=\"l-section wpb_row height_large color_primary\"><div class=\"l-section-h i-cf\"><div class=\"g-cols vc_row via_grid cols_1 laptops-cols_inherit tablets-cols_inherit mobiles-cols_1 valign_top type_default stacking_default\"><div class=\"wpb_column vc_column_container\"><div class=\"vc_column-inner\"><div class=\"wpb_text_column\"><div class=\"wpb_wrapper\"><h3 style=\"text-align: center;\">OS NOSSOS <strong>SERVI\u00c7OS<\/strong><\/h3>\n<\/div><\/div><div class=\"w-separator size_medium\"><\/div><div class=\"g-cols wpb_row us_custom_1cd61f00 via_grid cols_3 laptops-cols_inherit tablets-cols_inherit mobiles-cols_1 valign_top type_default stacking_default\" style=\"--columns-gap:3rem;\"><div class=\"wpb_column vc_column_container\"><div class=\"vc_column-inner\"><div class=\"w-iconbox iconpos_left style_circle color_custom align_center icontype_img\"><div class=\"w-iconbox-icon\" style=\"font-size:44px;--icon-color:#dd3333;\"><img loading=\"lazy\" decoding=\"async\" width=\"500\" height=\"500\" src=\"https:\/\/alvospot.com\/site\/wp-content\/uploads\/2016\/03\/publicidade2.png\" class=\"attachment-full size-full\" alt=\"\" srcset=\"https:\/\/alvospot.com\/site\/wp-content\/uploads\/2016\/03\/publicidade2.png 500w, https:\/\/alvospot.com\/site\/wp-content\/uploads\/2016\/03\/publicidade2-150x150.png 150w, https:\/\/alvospot.com\/site\/wp-content\/uploads\/2016\/03\/publicidade2-300x300.png 300w, https:\/\/alvospot.com\/site\/wp-content\/uploads\/2016\/03\/publicidade2-350x350.png 350w\" sizes=\"auto, (max-width: 500px) 100vw, 500px\" \/><\/div><div class=\"w-iconbox-meta\"><h4 class=\"w-iconbox-title\">Publicidade<\/h4><div class=\"w-iconbox-text\"><p>Temos uma equipa din\u00e1mica dedicada a tornar as suas ideias realidade.<\/p>\n<\/div><\/div><\/div><div class=\"w-separator size_small\"><\/div><div class=\"w-iconbox iconpos_left style_circle color_custom align_center icontype_img\"><div class=\"w-iconbox-icon\" style=\"font-size:44px;--icon-color:#ff0783;\"><img loading=\"lazy\" decoding=\"async\" width=\"500\" height=\"500\" src=\"https:\/\/alvospot.com\/site\/wp-content\/uploads\/2016\/03\/mupi1.png\" class=\"attachment-full size-full\" alt=\"\" srcset=\"https:\/\/alvospot.com\/site\/wp-content\/uploads\/2016\/03\/mupi1.png 500w, https:\/\/alvospot.com\/site\/wp-content\/uploads\/2016\/03\/mupi1-150x150.png 150w, https:\/\/alvospot.com\/site\/wp-content\/uploads\/2016\/03\/mupi1-300x300.png 300w, https:\/\/alvospot.com\/site\/wp-content\/uploads\/2016\/03\/mupi1-350x350.png 350w\" sizes=\"auto, (max-width: 500px) 100vw, 500px\" \/><\/div><div class=\"w-iconbox-meta\"><h4 class=\"w-iconbox-title\">Muppies<\/h4><div class=\"w-iconbox-text\"><p>A sua marca \u00e9 o que o representa e o que deve distingui-lo da concorr\u00eancia.<\/p>\n<\/div><\/div><\/div><\/div><\/div><div class=\"wpb_column vc_column_container\"><div class=\"vc_column-inner\"><div class=\"w-iconbox iconpos_left style_circle color_custom align_center icontype_img\"><div class=\"w-iconbox-icon\" style=\"font-size:44px;--icon-color:#dd3333;\"><img loading=\"lazy\" decoding=\"async\" width=\"500\" height=\"500\" src=\"https:\/\/alvospot.com\/site\/wp-content\/uploads\/2016\/03\/plasticos1.png\" class=\"attachment-full size-full\" alt=\"\" srcset=\"https:\/\/alvospot.com\/site\/wp-content\/uploads\/2016\/03\/plasticos1.png 500w, https:\/\/alvospot.com\/site\/wp-content\/uploads\/2016\/03\/plasticos1-150x150.png 150w, https:\/\/alvospot.com\/site\/wp-content\/uploads\/2016\/03\/plasticos1-300x300.png 300w, https:\/\/alvospot.com\/site\/wp-content\/uploads\/2016\/03\/plasticos1-350x350.png 350w\" sizes=\"auto, (max-width: 500px) 100vw, 500px\" \/><\/div><div class=\"w-iconbox-meta\"><h4 class=\"w-iconbox-title\">Pl\u00e1sticos<\/h4><div class=\"w-iconbox-text\"><p>Personalizamos sacos pl\u00e1sticos ou de papel. Veja o nosso cat\u00e1logo.<\/p>\n<\/div><\/div><\/div><div class=\"w-separator size_small\"><\/div><div class=\"w-iconbox iconpos_left style_circle color_custom align_center icontype_img\"><div class=\"w-iconbox-icon\" style=\"font-size:44px;--icon-color:#dd3333;\"><img loading=\"lazy\" decoding=\"async\" width=\"500\" height=\"500\" src=\"https:\/\/alvospot.com\/site\/wp-content\/uploads\/2016\/03\/personalizacoes.png\" class=\"attachment-full size-full\" alt=\"\" srcset=\"https:\/\/alvospot.com\/site\/wp-content\/uploads\/2016\/03\/personalizacoes.png 500w, https:\/\/alvospot.com\/site\/wp-content\/uploads\/2016\/03\/personalizacoes-150x150.png 150w, https:\/\/alvospot.com\/site\/wp-content\/uploads\/2016\/03\/personalizacoes-300x300.png 300w, https:\/\/alvospot.com\/site\/wp-content\/uploads\/2016\/03\/personalizacoes-350x350.png 350w\" sizes=\"auto, (max-width: 500px) 100vw, 500px\" \/><\/div><div class=\"w-iconbox-meta\"><h4 class=\"w-iconbox-title\">Personaliza\u00e7\u00f5es<\/h4><div class=\"w-iconbox-text\"><p>Personalizamos t-shirts, polos, malas, vestu\u00e1rio laboral, e muito mais.<\/p>\n<\/div><\/div><\/div><\/div><\/div><div class=\"wpb_column vc_column_container\"><div class=\"vc_column-inner\"><div class=\"w-iconbox iconpos_left style_circle color_custom align_center icontype_img\"><div class=\"w-iconbox-icon\" style=\"font-size:44px;--icon-color:#49a031;\"><img loading=\"lazy\" decoding=\"async\" width=\"500\" height=\"500\" src=\"https:\/\/alvospot.com\/site\/wp-content\/uploads\/2016\/03\/brindes1.png\" class=\"attachment-full size-full\" alt=\"\" srcset=\"https:\/\/alvospot.com\/site\/wp-content\/uploads\/2016\/03\/brindes1.png 500w, https:\/\/alvospot.com\/site\/wp-content\/uploads\/2016\/03\/brindes1-150x150.png 150w, https:\/\/alvospot.com\/site\/wp-content\/uploads\/2016\/03\/brindes1-300x300.png 300w, https:\/\/alvospot.com\/site\/wp-content\/uploads\/2016\/03\/brindes1-350x350.png 350w\" sizes=\"auto, (max-width: 500px) 100vw, 500px\" \/><\/div><div class=\"w-iconbox-meta\"><h4 class=\"w-iconbox-title\">Brindes<\/h4><div class=\"w-iconbox-text\"><p>Temos uma vasta gama de brindes que podemos personalizar com o seu log\u00f3tipo<\/p>\n<\/div><\/div><\/div><div class=\"w-separator size_small\"><\/div><div class=\"w-iconbox iconpos_left style_circle color_custom align_center icontype_img\"><div class=\"w-iconbox-icon\" style=\"font-size:44px;--icon-color:#ffffff;\"><img loading=\"lazy\" decoding=\"async\" width=\"500\" height=\"500\" src=\"https:\/\/alvospot.com\/site\/wp-content\/uploads\/2016\/03\/cortecnc2.png\" class=\"attachment-full size-full\" alt=\"\" srcset=\"https:\/\/alvospot.com\/site\/wp-content\/uploads\/2016\/03\/cortecnc2.png 500w, https:\/\/alvospot.com\/site\/wp-content\/uploads\/2016\/03\/cortecnc2-150x150.png 150w, https:\/\/alvospot.com\/site\/wp-content\/uploads\/2016\/03\/cortecnc2-300x300.png 300w, https:\/\/alvospot.com\/site\/wp-content\/uploads\/2016\/03\/cortecnc2-350x350.png 350w\" sizes=\"auto, (max-width: 500px) 100vw, 500px\" \/><\/div><div class=\"w-iconbox-meta\"><h4 class=\"w-iconbox-title\">Corte e Grava\u00e7\u00e3o em CNC e Laser<\/h4><div class=\"w-iconbox-text\"><p>Dispomos de capacidade de corte computorizado com dimens\u00e3o de 150x300cm, para materiais at\u00e9 20mm de espessura. <\/p>\n<\/div><\/div><\/div><\/div><\/div><\/div><\/div><\/div><\/div><\/div><\/section><section class=\"l-section wpb_row height_large color_primary\" id=\"more\"><div class=\"l-section-overlay\" style=\"background:rgba(0,0,0,0.66)\"><\/div><div class=\"l-section-h i-cf\"><div class=\"g-cols vc_row via_grid cols_1 laptops-cols_inherit tablets-cols_inherit mobiles-cols_1 valign_top type_default stacking_default\"><div class=\"wpb_column vc_column_container us_custom_12829b65 us_animate_this\"><div class=\"vc_column-inner\"><div class=\"wpb_text_column\"><div class=\"wpb_wrapper\"><h3 id=\"fancy-title-542546575cba7\" class=\"mk-shortcode mk-fancy-title simple-style \" style=\"text-align: center;\"><strong>Video<\/strong> e <strong>Fotografia<\/strong> A\u00e9rea<\/h3>\n<\/div><\/div><div class=\"w-separator size_huge\"><\/div><div class=\"g-cols wpb_row via_grid cols_4 laptops-cols_inherit tablets-cols_inherit mobiles-cols_1 valign_top type_default stacking_default\" style=\"--columns-gap:3rem;\"><div class=\"wpb_column vc_column_container\"><div class=\"vc_column-inner\"><div class=\"w-iconbox iconpos_top style_default color_light align_center no_text\"><div class=\"w-iconbox-icon\" style=\"font-size:60px;\"><i class=\"fab fa-youtube\"><\/i><\/div><div class=\"w-iconbox-meta\"><h4 class=\"w-iconbox-title\">Eventos<\/h4><\/div><\/div><\/div><\/div><div class=\"wpb_column vc_column_container\"><div class=\"vc_column-inner\"><div class=\"w-iconbox iconpos_top style_default color_light align_center no_text\"><div class=\"w-iconbox-icon\" style=\"font-size:60px;\"><i class=\"fas fa-paper-plane\"><\/i><\/div><div class=\"w-iconbox-meta\"><h4 class=\"w-iconbox-title\">Publicidade<\/h4><\/div><\/div><\/div><\/div><div class=\"wpb_column vc_column_container\"><div class=\"vc_column-inner\"><div class=\"w-iconbox iconpos_top style_default color_light align_center no_text\"><div class=\"w-iconbox-icon\" style=\"font-size:60px;\"><i class=\"far fa-tree\"><\/i><\/div><div class=\"w-iconbox-meta\"><h4 class=\"w-iconbox-title\">Mapeamento<\/h4><\/div><\/div><\/div><\/div><div class=\"wpb_column vc_column_container\"><div class=\"vc_column-inner\"><div class=\"w-iconbox iconpos_top style_default color_light align_center no_text\"><div class=\"w-iconbox-icon\" style=\"font-size:60px;\"><i class=\"far fa-camera\"><\/i><\/div><div class=\"w-iconbox-meta\"><h4 class=\"w-iconbox-title\">Imagens A\u00e9reas<\/h4><\/div><\/div><\/div><\/div><\/div><\/div><\/div><\/div><\/div><\/section>\n","protected":false},"excerpt":{"rendered":"[rev_slider_vc alias=&#8221;zephyr-2&#8243;] OS NOSSOS SERVI\u00c7OS PublicidadeTemos uma equipa din\u00e1mica dedicada a tornar as suas ideias realidade. MuppiesA sua marca \u00e9 o que o representa e o que deve distingui-lo da concorr\u00eancia. Pl\u00e1sticosPersonalizamos sacos pl\u00e1sticos ou de papel. Veja o nosso cat\u00e1logo. Personaliza\u00e7\u00f5esPersonalizamos t-shirts, polos, malas, vestu\u00e1rio laboral, e muito mais. BrindesTemos uma vasta gama de...","protected":false},"author":6,"featured_media":0,"parent":0,"menu_order":0,"comment_status":"closed","ping_status":"closed","template":"","meta":{"footnotes":""},"class_list":["post-9","page","type-page","status-publish","hentry"],"_links":{"self":[{"href":"https:\/\/alvospot.com\/site\/index.php?rest_route=\/wp\/v2\/pages\/9","targetHints":{"allow":["GET"]}}],"collection":[{"href":"https:\/\/alvospot.com\/site\/index.php?rest_route=\/wp\/v2\/pages"}],"about":[{"href":"https:\/\/alvospot.com\/site\/index.php?rest_route=\/wp\/v2\/types\/page"}],"author":[{"embeddable":true,"href":"https:\/\/alvospot.com\/site\/index.php?rest_route=\/wp\/v2\/users\/6"}],"replies":[{"embeddable":true,"href":"https:\/\/alvospot.com\/site\/index.php?rest_route=%2Fwp%2Fv2%2Fcomments&post=9"}],"version-history":[{"count":66,"href":"https:\/\/alvospot.com\/site\/index.php?rest_route=\/wp\/v2\/pages\/9\/revisions"}],"predecessor-version":[{"id":6433,"href":"https:\/\/alvospot.com\/site\/index.php?rest_route=\/wp\/v2\/pages\/9\/revisions\/6433"}],"wp:attachment":[{"href":"https:\/\/alvospot.com\/site\/index.php?rest_route=%2Fwp%2Fv2%2Fmedia&parent=9"}],"curies":[{"name":"wp","href":"https:\/\/api.w.org\/{rel}","templated":true}]}}