{"id":6171,"date":"2018-09-17T16:26:25","date_gmt":"2018-09-17T16:26:25","guid":{"rendered":"https:\/\/alvospot.com\/site\/cookie-policy\/"},"modified":"2018-09-17T17:56:58","modified_gmt":"2018-09-17T17:56:58","slug":"cookie-policy","status":"publish","type":"page","link":"https:\/\/alvospot.com\/site\/?page_id=6171","title":{"rendered":"Dados Pessoais e Cookies"},"content":{"rendered":"<h3>Recolha de dados pelo site Alvospot.com<\/h3>\n<h4><strong>Para que servem os seus dados?<\/strong><\/h4>\n<p>Os seus dados s\u00e3o submetidos a um processamento inform\u00e1tico que permite a gest\u00e3o da sua conta de utilizador. Tamb\u00e9m s\u00e3o utilizados no \u00e2mbito de estudos estat\u00edsticos e de atividades de marketing, a fim de disponibilizar-lhe ofertas adaptadas \u00e0s suas prefer\u00eancias desportivas, garantir o acompanhamento da qualidade dos nossos produtos e servi\u00e7os, bem como permitir o desenvolvimento comercial, mediante a sua pr\u00e9via autoriza\u00e7\u00e3o.<\/p>\n<h4><strong>A que fins se destinam os seus dados?<\/strong><\/h4>\n<p>Os dados recolhidos neste site destinam-se \u00e0 utiliza\u00e7\u00e3o da empresa Alvospot,Lda, na sua qualidade de respons\u00e1vel pelo processamento.<\/p>\n<h4><strong>De que forma s\u00e3o os seus dados protegidos?<\/strong><\/h4>\n<p>De acordo com a Lei n.\u00ba 67\/98de 26 de Outubro que transp\u00f5e para a ordem jur\u00eddica interna a Directiva o 95\/46\/CE, do Parlamento Europeu e do Conselho, de 24 de Outubro de 1995,relativa \u00e0 protec\u00e7\u00e3o das pessoas singulares no que diz respeito ao tratamento de dados pessoais e \u00e0 livre circula\u00e7\u00e3o desses dados, a Alvospot,Lda toma todas as precau\u00e7\u00f5es adequadas para garantir a seguran\u00e7a dos seus dados, em especial a fim de evitar a divulga\u00e7\u00e3o dos mesmos a terceiros n\u00e3o autorizados. Para tal, a Alvospot,Lda implementa todas as medidas necess\u00e1rias \u00e0 prote\u00e7\u00e3o dos seus dispositivos inform\u00e1ticos. Sempre que os seus dados sejam transferidos para entidades subcontratadas (designadamente para o respetivo alojamento), a Alvospot,Lda garante que os mesmos ter\u00e3o um n\u00edvel de seguran\u00e7a compat\u00edvel com os padr\u00f5es exigidos.<\/p>\n<h4><strong>Quais s\u00e3o os seus direitos?<\/strong><\/h4>\n<p>Nos termos da Lei n.\u00ba 67\/98de 26 de Outubro, o utilizador tem o direito ao acesso, \u00e0 retifica\u00e7\u00e3o e \u00e0 oposi\u00e7\u00e3o ao tratamento dos dados que lhe dizem respeito mediante o envio de um e-mail e\/ou carta para: para Alvospot,Lda, Rua da Fonte, N 119 3070-307 Mira (anexe ao seu e-mail uma c\u00f3pia do seu documento de identifica\u00e7\u00e3o) ou envie um e-mail atrav\u00e9s da nossa p\u00e1gina de contacto.<\/p>\n<p>A Alvospot.com assegura-lhe que os seus dados n\u00e3o poder\u00e3o ser utilizados para o envio de propostas comerciais sem a sua autoriza\u00e7\u00e3o pr\u00e9via. Caso opte por autorizar o envio de propostas comerciais, a Alvospot.com garante-lhe o direito de oposi\u00e7\u00e3o posterior.<\/p>\n<h3>Registo de dados atrav\u00e9s de cookies<\/h3>\n<h4><strong>Em que consiste um cookie?<\/strong><\/h4>\n<p>A\u00a0Alvospot.com utiliza &#8220;cookies&#8221;. Um cookie \u00e9 um ficheiro guardado no seu dispositivo que permite armazenar informa\u00e7\u00f5es relativas \u00e0 sua utiliza\u00e7\u00e3o do nosso site (configura\u00e7\u00f5es de idioma, tempo de liga\u00e7\u00e3o, p\u00e1ginas visualizadas, etc.). Em visitas posteriores, poderemos consultar esses dados, designadamente para facilitar a sua navega\u00e7\u00e3o, de uma forma que n\u00e3o nos permite identific\u00e1-lo.<\/p>\n<p>Os cookies guardados pelo nosso site n\u00e3o registam qualquer informa\u00e7\u00e3o pessoal, com exce\u00e7\u00e3o do seu endere\u00e7o IP. As seguintes al\u00edneas t\u00eam por objetivo, em nome de uma total transpar\u00eancia, disponibilizar-lhe uma lista completa dos cookies utilizados pelo site Alvospot.com, bem como propor-lhe uma solu\u00e7\u00e3o para que possa configurar as suas prefer\u00eancias. Chamamos a sua aten\u00e7\u00e3o para o facto da partilha do seu dispositivo com outras pessoas ser suscet\u00edvel de afetar a natureza personalizada da a\u00e7\u00e3o dos cookies<\/p>\n<h4><strong>Quais s\u00e3o os cookies utilizados?<\/strong><\/h4>\n<p>O site\u00a0Alvospot.com utiliza os &#8220;cookies&#8221; para os seguintes fins, entre outros:<\/p>\n<ul>\n<li>Cookies de &#8220;sess\u00e3o de utilizador&#8221; (SessionID) para identificar os utilizadores do site,<\/li>\n<li>Cookies que t\u00eam como \u00fanica finalidade contribuir para a seguran\u00e7a do servi\u00e7o solicitado pelo utilizador,<\/li>\n<li>Cookies que permitem registar o idioma utilizado pelo utilizador (no caso de sites traduzidos para v\u00e1rias idiomas) ou outras prefer\u00eancias necess\u00e1rias \u00e0 presta\u00e7\u00e3o do servi\u00e7o solicitado,<\/li>\n<li>Cookies de flash que cont\u00eam os elementos estritamente necess\u00e1rios ao funcionamento de um leitor multim\u00e9dia (\u00e1udio ou v\u00eddeo) solicitado pelo utilizador.<\/li>\n<\/ul>\n<p>A Alvospot.com poder\u00e1 igualmente necessitar de utilizar cookies para saber quais os produtos, servi\u00e7os e p\u00e1ginas que o utilizador visitou. Estes cookies permitem-nos fornecer conte\u00fados personalizados, incluindo a apresenta\u00e7\u00e3o de publicidade adaptada \u00e0s suas prefer\u00eancias desportivas e expetativas durante a sua visita ao nosso site. Indicar aqui quaisquer outras finalidades de outros tipos de cookies publicit\u00e1rios recolhidos (&#8230;)<\/p>\n<p>Estes cookies podem ser configurados de acordo com as suas prefer\u00eancias, conforme descrito na sec\u00e7\u00e3o abaixo. Em caso de recusa dos cookies que nos permitem identificar os produtos, servi\u00e7os e p\u00e1ginas que o utilizador visita, o conte\u00fado da navega\u00e7\u00e3o n\u00e3o ser\u00e1 personalizado e os an\u00fancios apresentados poder\u00e3o n\u00e3o ter qualquer interesse para o utilizador.<\/p>\n<h4><strong>O site Alvospot.com permite a utiliza\u00e7\u00e3o de cookies por terceiros durante a minha navega\u00e7\u00e3o?<\/strong><\/h4>\n<p>Este site utiliza o Google AnalyticsTM, um servi\u00e7o de an\u00e1lise de Web sites fornecido pela Google Inc. O Google Analytics utiliza cookies, que s\u00e3o ficheiros de texto guardados no seu terminal para ajudar o site a analisar a respetiva utiliza\u00e7\u00e3o pelos utilizadores e a compilar estat\u00edsticas. Os dados gerados pelos cookies acerca da sua utiliza\u00e7\u00e3o do site (incluindo o seu endere\u00e7o IP) s\u00e3o transmitidos e armazenados pelo Google em servidores localizados nos Estados Unidos. A Google ir\u00e1 utilizar essa informa\u00e7\u00e3o para avaliar a sua utiliza\u00e7\u00e3o do Web site, para compilar relat\u00f3rios sobre a atividade do site para utiliza\u00e7\u00e3o do respetivo editor, bem como para fornecer outros servi\u00e7os relacionados com a atividade do Web site e com a utiliza\u00e7\u00e3o da Internet. A Google poder\u00e1 reenviar esses dados a terceiros, sempre que exigido por lei ou nos casos em que esses terceiros processem a informa\u00e7\u00e3o em nome da Google, designadamente ao editor do site em quest\u00e3o. A Google n\u00e3o associar\u00e1 o seu endere\u00e7o IP a quaisquer outros dados registados pela Google. O utilizador pode desativar a utiliza\u00e7\u00e3o de cookies selecionando as defini\u00e7\u00f5es apropriadas no seu browser (ver informa\u00e7\u00f5es infra). No entanto, tal poder\u00e1 impedi-lo de utilizar algumas das funcionalidades deste Web site. Ao utilizar este site, o utilizador concorda expressamente com o processamento de dados por parte da Google, sob a forma e para os fins acima descritos. Clique aqui para consultar a Pol\u00edtica de Privacidade da Google.<\/p>\n<p>A Google aderiu aos princ\u00edpios relativos \u00e0 prote\u00e7\u00e3o de dados &#8220;Safe Harbor Privacy Principles&#8221; definidos pelo Departamento de Com\u00e9rcio dos Estados Unidos. Tais princ\u00edpios, negociados entre as autoridades americanas e a Comiss\u00e3o Europeia em 2001, baseiam-se principalmente nos princ\u00edpios da Diretiva 95\/46\/CE de 24 de outubro de 1995 e garantem uma prote\u00e7\u00e3o adequada das transfer\u00eancias de dados provenientes da Uni\u00e3o Europeia e com destino a empresas sediadas nos Estados Unidos.<\/p>\n<h4><strong>Como impor as suas op\u00e7\u00f5es em mat\u00e9ria de cookies?<\/strong><\/h4>\n<p>&#8211; Defini\u00e7\u00f5es do browser e consequ\u00eancias das suas op\u00e7\u00f5es:<\/p>\n<p>Est\u00e3o dispon\u00edveis v\u00e1rias op\u00e7\u00f5es para a gest\u00e3o dos cookies. Poder\u00e1, em qualquer momento, definir e alterar as suas prefer\u00eancias em mat\u00e9ria de cookies atrav\u00e9s do menu Ajuda da barra de ferramentas do seu browser. Esta op\u00e7\u00e3o explica como rejeitar novos &#8220;cookies&#8221; ou receber uma mensagem que o avisa da rece\u00e7\u00e3o dos mesmos, ou ainda como desativar os &#8220;cookies&#8221;, quer definitivamente ou consoante o emissor. Poder\u00e1 tamb\u00e9m apagar manualmente os cookies.<\/p>\n<p>Poder\u00e1 tamb\u00e9m optar por desativar ou apagar os dados similares utilizados pelos suplementos de software do browser, tais como o flash cookies, alterando as configura\u00e7\u00f5es do software ou visitando o site do editor do software.<\/p>\n<p>Aten\u00e7\u00e3o: esta configura\u00e7\u00e3o do browser poder\u00e1 impedi-lo de aceder a determinados conte\u00fados ou perturbar significativamente a sua navega\u00e7\u00e3o, bem como degradar a qualidade dos servi\u00e7os que espera obter no nosso site. Nesse caso, n\u00e3o assumimos qualquer responsabilidade pelas consequ\u00eancias resultantes do funcionamento degradado do nosso site decorrente da impossibilidade de utilizar os cookies necess\u00e1rios ao funcionamento do mesmo.<\/p>\n<p>&#8211; Op\u00e7\u00f5es necess\u00e1rias consoante o browser utilizado:<\/p>\n<p>Cada browser disp\u00f5e de um processo de configura\u00e7\u00e3o pr\u00f3prio para a gest\u00e3o de cookies. Esse processo \u00e9 descrito no menu Ajuda de cada browser, o qual explica como selecionar as suas prefer\u00eancias em mat\u00e9ria de cookies.<\/p>\n<h3>Recolha por sites de terceiros<\/h3>\n<p>Este site utiliza plug-ins da rede social Facebook, operada pela Facebook Inc., 1601 S. California Ave, Palo Alto, CA 94304, USA. Se solicitar o acesso a uma p\u00e1gina do nosso site que contenha esse plugin, o browser estabelecer\u00e1 uma liga\u00e7\u00e3o direta aos servidores do Facebook. O conte\u00fado dos plugins \u00e9 diretamente transmitido ao seu browser pelo Facebook e inserido na p\u00e1gina do site. O Facebook ser\u00e1 informado de que o seu browser acedeu \u00e0 p\u00e1gina correspondente do nosso site, mesmo que n\u00e3o disponha de uma conta no Facebook ou que esteja nesse momento offline no Facebook. O seu endere\u00e7o IP \u00e9 diretamente enviado pelo seu browser a um servidor do Facebook localizado nos Estados Unidos, onde ficar\u00e1 registado.<\/p>\n<p>Caso esteja ligado ao Facebook enquanto navega no nosso site, o Facebook poder\u00e1 relacionar diretamente a sua visita com a sua conta de utilizador de Facebook. Caso interaja por interm\u00e9dio de plug-ins, por exemplo clicando em &#8220;Gosto&#8221; ou escrevendo um coment\u00e1rio, essas informa\u00e7\u00f5es ser\u00e3o transmitidas e armazenadas num servidor do Facebook. Essas informa\u00e7\u00f5es ser\u00e3o publicadas na sua conta de Facebook. O Facebook poder\u00e1 utilizar essas informa\u00e7\u00f5es para fins publicit\u00e1rios, para estudos de mercado ou para adaptar as suas p\u00e1ginas no Facebook. Dessa forma, o Facebook poder\u00e1 criar perfis de utilizador, de interesses e de rela\u00e7\u00f5es a fim de, por exemplo, avaliar a utiliza\u00e7\u00e3o do site ap\u00f3s a visualiza\u00e7\u00e3o de an\u00fancios do Facebook, informar outros utilizadores do Facebook sobre as atividades do nosso site e disponibilizar outros servi\u00e7os relacionados com a utiliza\u00e7\u00e3o do Facebook.<\/p>\n<p>Caso n\u00e3o deseje que o Facebook associe as informa\u00e7\u00f5es recolhidas por interm\u00e9dio do nosso site \u00e0 sua conta de utilizador do Facebook, dever\u00e1 sair do Facebook antes de visitar o nosso site.<\/p>\n<p>Para mais informa\u00e7\u00f5es sobre a finalidade e o \u00e2mbito da recolha, processamento e utiliza\u00e7\u00e3o de dados pelo Facebook, bem como sobre os seus direitos nesta mat\u00e9ria e as op\u00e7\u00f5es de configura\u00e7\u00e3o com vista \u00e0 prote\u00e7\u00e3o da sua privacidade, consulte a pol\u00edtica de informa\u00e7\u00f5es sobre prote\u00e7\u00e3o de dados do Facebook, dispon\u00edveis no seguinte link Pol\u00edtica de utiliza\u00e7\u00e3o de dados do FACEBOOK.<\/p>\n","protected":false},"excerpt":{"rendered":"<p>Recolha de dados pelo site Alvospot.com Para que servem os seus dados? Os seus dados s\u00e3o submetidos a um processamento inform\u00e1tico que permite a gest\u00e3o da sua conta de utilizador. Tamb\u00e9m s\u00e3o utilizados no \u00e2mbito de estudos estat\u00edsticos e de atividades de marketing, a fim de disponibilizar-lhe ofertas adaptadas \u00e0s suas prefer\u00eancias desportivas, garantir o&#8230;<\/p>\n","protected":false},"author":6,"featured_media":0,"parent":0,"menu_order":0,"comment_status":"closed","ping_status":"closed","template":"","meta":{"footnotes":""},"class_list":["post-6171","page","type-page","status-publish","hentry"],"_links":{"self":[{"href":"https:\/\/alvospot.com\/site\/index.php?rest_route=\/wp\/v2\/pages\/6171","targetHints":{"allow":["GET"]}}],"collection":[{"href":"https:\/\/alvospot.com\/site\/index.php?rest_route=\/wp\/v2\/pages"}],"about":[{"href":"https:\/\/alvospot.com\/site\/index.php?rest_route=\/wp\/v2\/types\/page"}],"author":[{"embeddable":true,"href":"https:\/\/alvospot.com\/site\/index.php?rest_route=\/wp\/v2\/users\/6"}],"replies":[{"embeddable":true,"href":"https:\/\/alvospot.com\/site\/index.php?rest_route=%2Fwp%2Fv2%2Fcomments&post=6171"}],"version-history":[{"count":2,"href":"https:\/\/alvospot.com\/site\/index.php?rest_route=\/wp\/v2\/pages\/6171\/revisions"}],"predecessor-version":[{"id":6174,"href":"https:\/\/alvospot.com\/site\/index.php?rest_route=\/wp\/v2\/pages\/6171\/revisions\/6174"}],"wp:attachment":[{"href":"https:\/\/alvospot.com\/site\/index.php?rest_route=%2Fwp%2Fv2%2Fmedia&parent=6171"}],"curies":[{"name":"wp","href":"https:\/\/api.w.org\/{rel}","templated":true}]}}