{"id":5464,"date":"2016-02-01T17:00:52","date_gmt":"2016-02-01T17:00:52","guid":{"rendered":"http:\/\/alvospot.com\/wordpress\/?page_id=5464"},"modified":"2025-04-04T15:40:29","modified_gmt":"2025-04-04T14:40:29","slug":"catalogos-3-2-2","status":"publish","type":"page","link":"https:\/\/alvospot.com\/site\/?page_id=5464","title":{"rendered":"Cat\u00e1logos"},"content":{"rendered":"<section class=\"l-section wpb_row height_medium\"><div class=\"l-section-h i-cf\"><div class=\"g-cols vc_row via_grid cols_4 laptops-cols_inherit tablets-cols_inherit mobiles-cols_1 valign_top type_default stacking_default\"><div class=\"wpb_column vc_column_container\"><div class=\"vc_column-inner\"><div class=\"wpb_text_column\"><div class=\"wpb_wrapper\"><p style=\"text-align: center;\"><span style=\"color: #7049ba;\"><a href=\"http:\/\/www.alvospot.com\/catalogos-pdf\/hidea.pdf\" target=\"_blank\" rel=\"noopener noreferrer\"><img loading=\"lazy\" decoding=\"async\" class=\"aligncenter size-full wp-image-6212\" src=\"https:\/\/alvospot.com\/site\/wp-content\/uploads\/2019\/04\/CATALOGO_2019_hidea.jpg\" alt=\"\" width=\"174\" height=\"218\" \/><\/a><\/span><\/p>\n<p style=\"text-align: center;\"><span style=\"color: #7049ba;\">Hidea GIFTS<br \/>\n<span style=\"color: #ff9900;\">Brindes Personaliz\u00e1veis<\/span><br \/>\n<span style=\"color: #800080;\">Neste cat\u00e1logo poder\u00e1 encontrar merchandising original, brindes de impacto, ideias inovadoras e solu\u00e7\u00f5es diferentes.<\/span><\/span><\/p>\n<\/div><\/div><\/div><\/div><div class=\"wpb_column vc_column_container\"><div class=\"vc_column-inner\"><div class=\"wpb_text_column\"><div class=\"wpb_wrapper\"><p style=\"text-align: center;\"><a href=\"https:\/\/alvospot.com\/site\/wp-content\/uploads\/2025\/04\/CATALOGO-2024.2-PT_ES-P_compressed.pdf\"><span style=\"color: #7049ba;\"><img loading=\"lazy\" decoding=\"async\" class=\"alignnone wp-image-6445\" src=\"https:\/\/alvospot.com\/site\/wp-content\/uploads\/2025\/04\/CATALOGO-2024.2-PT_ES-P_compressed-1-244x300.png\" alt=\"\" width=\"166\" height=\"204\" srcset=\"https:\/\/alvospot.com\/site\/wp-content\/uploads\/2025\/04\/CATALOGO-2024.2-PT_ES-P_compressed-1-244x300.png 244w, https:\/\/alvospot.com\/site\/wp-content\/uploads\/2025\/04\/CATALOGO-2024.2-PT_ES-P_compressed-1-835x1024.png 835w, https:\/\/alvospot.com\/site\/wp-content\/uploads\/2025\/04\/CATALOGO-2024.2-PT_ES-P_compressed-1-600x736.png 600w, https:\/\/alvospot.com\/site\/wp-content\/uploads\/2025\/04\/CATALOGO-2024.2-PT_ES-P_compressed-1-768x942.png 768w\" sizes=\"auto, (max-width: 166px) 100vw, 166px\" \/><\/span><\/a><\/p>\n<p style=\"text-align: center;\"><span style=\"color: #7049ba;\">IMPACTO<br \/>\n<span style=\"color: #ff9900;\">Brindes Personaliz\u00e1veis<\/span><br \/>\n<span style=\"color: #800080;\">Neste cat\u00e1logo poder\u00e1 encontrar desde as ideias mais inovadoras em brindes at\u00e9 ao merchandising, brindes promocionais e brindes publicit\u00e1rios mais tradicionais.<\/span><\/span><\/p>\n<\/div><\/div><\/div><\/div><div class=\"wpb_column vc_column_container\"><div class=\"vc_column-inner\"><div class=\"wpb_text_column\"><div class=\"wpb_wrapper\"><div class=\"image-frame shadow nomargin\">\n<div class=\"image-frame shadow nomargin\">\n<div class=\"image-frame shadow nomargin\">\n<p style=\"text-align: center;\"><span style=\"color: #7049ba;\"><a href=\"http:\/\/www.alvospot.com\/catalogos-pdf\/iberia.pdf\" target=\"_blank\" rel=\"noopener noreferrer\"><img loading=\"lazy\" decoding=\"async\" class=\"aligncenter size-full wp-image-6213\" src=\"https:\/\/alvospot.com\/site\/wp-content\/uploads\/2019\/04\/CATALOGO_2019_iberia.jpg\" alt=\"\" width=\"174\" height=\"218\" \/><\/a><\/span><\/p>\n<p style=\"text-align: center;\"><span style=\"color: #7049ba;\">CAT\u00c1LOGO MKT<br \/>\n<span style=\"color: #ff9900;\">Brindes Personaliz\u00e1veis<\/span><br \/>\nNeste cat\u00e1logo poder\u00e1 encontrar desde as ideias mais inovadoras em brindes at\u00e9 ao merchandising, brindes promocionais e brindes publicit\u00e1rios mais tradicionais.<\/span><\/p>\n<\/div>\n<\/div>\n<\/div>\n<\/div><\/div><\/div><\/div><div class=\"wpb_column vc_column_container\"><div class=\"vc_column-inner\"><div class=\"wpb_text_column\"><div class=\"wpb_wrapper\"><p style=\"text-align: center;\"><span style=\"color: #7049ba;\"><a href=\"http:\/\/fliphtml5.com\/ohnj\/ajcc\" target=\"_blank\" rel=\"noopener noreferrer\"><img loading=\"lazy\" decoding=\"async\" class=\"aligncenter size-full wp-image-6218\" src=\"https:\/\/alvospot.com\/site\/wp-content\/uploads\/2019\/04\/CATALOGO_2019_morethangifts.jpg\" alt=\"\" width=\"174\" height=\"218\" \/><\/a><\/span><\/p>\n<p style=\"text-align: center;\"><span style=\"color: #7049ba;\">MORE THAN\u00a0GIFTS<br \/>\n<span style=\"color: #ff9900;\">Brindes Personaliz\u00e1veis<\/span><br \/>\n<span style=\"color: #800080;\">Uma grande combina\u00e7\u00e3o de best-sellers, funcional e divertido, moderno e artigos coloridos para que voc\u00ea possa criar campanhas bem sucedidas, fornecendo um servi\u00e7o que agrega valor e benef\u00edcios adicionais.<\/span><\/span><\/p>\n<\/div><\/div><\/div><\/div><\/div><\/div><\/section><section class=\"l-section wpb_row height_medium\"><div class=\"l-section-h i-cf\"><div class=\"g-cols vc_row via_grid cols_4 laptops-cols_inherit tablets-cols_inherit mobiles-cols_1 valign_top type_default stacking_default\"><div class=\"wpb_column vc_column_container\"><div class=\"vc_column-inner\"><div class=\"wpb_text_column\"><div class=\"wpb_wrapper\"><p style=\"text-align: center;\"><span style=\"color: #7049ba;\"><a href=\"http:\/\/www.alvospot.com\/catalogos-pdf\/thc.pdf\" target=\"_blank\" rel=\"noopener noreferrer\"><img loading=\"lazy\" decoding=\"async\" class=\"aligncenter size-full wp-image-6226\" src=\"https:\/\/alvospot.com\/site\/wp-content\/uploads\/2019\/04\/CATALOGO_2019_thc.jpg\" alt=\"\" width=\"174\" height=\"218\" \/><\/a><\/span><\/p>\n<p style=\"text-align: center;\"><span style=\"color: #7049ba;\">THC<br \/>\n<span style=\"color: #ff9900;\">Cat\u00e1logo com excelentes artigos t\u00eaxteis para personalizar com a imagem da sua empresa.<\/span><br \/>\n<span style=\"color: #800080;\">Neste cat\u00e1logo poder\u00e1 encontrar T-shirts, Polos, Coletes, Sweat-shirts, Camisolas, Casacos, Polares, Bon\u00e9s, Camisas, e muito mais. Comprove a qualidade da marca THC Clothes.<\/span><\/span><\/p>\n<\/div><\/div><\/div><\/div><div class=\"wpb_column vc_column_container\"><div class=\"vc_column-inner\"><div class=\"wpb_text_column\"><div class=\"wpb_wrapper\"><div class=\"image-frame shadow nomargin\">\n<p style=\"text-align: center;\"><span style=\"color: #7049ba;\"><a href=\"http:\/\/www.alvospot.com\/catalogos-pdf\/roly.pdf\" target=\"_blank\" rel=\"noopener noreferrer\"><img loading=\"lazy\" decoding=\"async\" class=\"aligncenter size-full wp-image-6219\" src=\"https:\/\/alvospot.com\/site\/wp-content\/uploads\/2019\/04\/CATALOGO_2019_roly.jpg\" alt=\"\" width=\"174\" height=\"218\" \/><\/a><\/span><\/p>\n<p style=\"text-align: center;\"><span style=\"color: #7049ba;\">ROLY<br \/>\n<span style=\"color: #ff9900;\">Artigos t\u00eaxteis de boa qualidade e com pre\u00e7os competitivos<\/span><br \/>\n<span style=\"color: #800080;\">Neste cat\u00e1logo poder\u00e1 encontrar T-shirts, Polos, Coletes, Sweat-shirts, Camisolas, Casacos, Polares, Bon\u00e9s, Camisas, e muito mais.<\/span><\/span><\/p>\n<\/div>\n<\/div><\/div><\/div><\/div><div class=\"wpb_column vc_column_container\"><div class=\"vc_column-inner\"><div class=\"wpb_text_column\"><div class=\"wpb_wrapper\"><div class=\"image-frame shadow nomargin\">\n<p style=\"text-align: center;\"><span style=\"color: #7049ba;\"><a href=\"http:\/\/www.alvospot.com\/catalogos-pdf\/valento.pdf\" target=\"_blank\" rel=\"noopener noreferrer\"><img loading=\"lazy\" decoding=\"async\" class=\"aligncenter size-full wp-image-6230\" src=\"https:\/\/alvospot.com\/site\/wp-content\/uploads\/2019\/04\/CATALOGO_2019_valento.jpg\" alt=\"\" width=\"174\" height=\"218\" \/><\/a><\/span><\/p>\n<p style=\"text-align: center;\"><span style=\"color: #7049ba;\">VALENTO<br \/>\n<span style=\"color: #ff9900;\">Cat\u00e1logo com excelentes artigos t\u00eaxteis para personalizar com a imagem da sua empresa.<\/span><br \/>\n<span style=\"color: #800080;\">Neste cat\u00e1logo poder\u00e1 encontrar T-shirts, Polos, Coletes, Sweat-shirts, Camisolas, Casacos, Polares, Bon\u00e9s, Camisas, e muito mais. Comprove a qualidade da marca Valento.<\/span><\/span><\/p>\n<\/div>\n<\/div><\/div><\/div><\/div><div class=\"wpb_column vc_column_container\"><div class=\"vc_column-inner\"><div class=\"wpb_text_column\"><div class=\"wpb_wrapper\"><div class=\"image-frame shadow nomargin\">\n<div class=\"image-frame shadow nomargin\">\n<div class=\"image-frame shadow nomargin\">\n<p><a href=\"https:\/\/alvospot.com\/catalogos-pdf\/jhktshirt.pdf\" target=\"_blank\" rel=\"noopener noreferrer\"><img loading=\"lazy\" decoding=\"async\" class=\"aligncenter size-full wp-image-6216\" src=\"https:\/\/alvospot.com\/site\/wp-content\/uploads\/2019\/04\/CATALOGO_2019_jhk.jpg\" alt=\"\" width=\"174\" height=\"218\" \/><\/a><\/p>\n<p style=\"text-align: center;\"><span style=\"color: #7049ba;\">JHK TSHIRT<br \/>\n<span style=\"color: #ff9900;\">Artigos t\u00eaxteis de boa qualidade e com pre\u00e7os competitivos<\/span><br \/>\nNeste cat\u00e1logo poder\u00e1 encontrar T-shirts, Polos, Coletes, Sweat-shirts, Camisolas, Casacos, Polares, Bon\u00e9s, Camisas, e muito mais.<\/span><\/p>\n<\/div>\n<\/div>\n<\/div>\n<\/div><\/div><\/div><\/div><\/div><\/div><\/section><section class=\"l-section wpb_row height_medium\"><div class=\"l-section-h i-cf\"><div class=\"g-cols vc_row via_grid cols_4 laptops-cols_inherit tablets-cols_inherit mobiles-cols_1 valign_top type_default stacking_default\"><div class=\"wpb_column vc_column_container\"><div class=\"vc_column-inner\"><div class=\"wpb_text_column\"><div class=\"wpb_wrapper\"><div class=\"image-frame shadow nomargin\">\n<div class=\"image-frame shadow nomargin\">\n<div class=\"image-frame shadow nomargin\">\n<p style=\"text-align: center;\"><span style=\"color: #7049ba;\"><a href=\"https:\/\/alvospot.com\/catalogos-pdf\/sols.pdf\" target=\"_blank\" rel=\"noopener noreferrer\"><img loading=\"lazy\" decoding=\"async\" class=\"aligncenter size-full wp-image-6229\" src=\"https:\/\/alvospot.com\/site\/wp-content\/uploads\/2019\/04\/CATALOGO_2019_sols.jpg\" alt=\"\" width=\"174\" height=\"218\" \/><\/a><\/span><\/p>\n<p style=\"text-align: center;\"><span style=\"color: #7049ba;\">SOL&#8217;S Texteis<br \/>\n<span style=\"color: #ff9900;\">Artigos t\u00eaxteis de boa qualidade<\/span><br \/>\nNeste cat\u00e1logo poder\u00e1 encontrar T-shirts, Polos, Coletes, Sweat-shirts, Camisolas, Casacos, Polares, Bon\u00e9s, Camisas, e muito mais.<br \/>\n<\/span><\/p>\n<\/div>\n<\/div>\n<\/div>\n<\/div><\/div><\/div><\/div><div class=\"wpb_column vc_column_container\"><div class=\"vc_column-inner\"><div class=\"wpb_text_column\"><div class=\"wpb_wrapper\"><div class=\"image-frame shadow nomargin\">\n<div class=\"image-frame shadow nomargin\">\n<p style=\"text-align: center;\"><span style=\"color: #7049ba;\"><span style=\"color: #7049ba;\"><a href=\"https:\/\/alvospot.com\/catalogos-pdf\/packaging.pdf\" target=\"_blank\" rel=\"noopener noreferrer\"><img loading=\"lazy\" decoding=\"async\" class=\"aligncenter size-full wp-image-6234\" src=\"https:\/\/alvospot.com\/site\/wp-content\/uploads\/2019\/04\/CATALOGO_2019_litel-1.jpg\" alt=\"\" width=\"174\" height=\"218\" \/><\/a><\/span><\/span><\/p>\n<p style=\"text-align: center;\"><span style=\"color: #7049ba;\"><span style=\"color: #7049ba;\">SACOS DE PAPEL E CAIXAS GOURMET<\/span><br \/>\n<span style=\"color: #ff9900;\">Sacos<\/span><br \/>\n<span style=\"color: #800080;\">Neste cat\u00e1logo poder\u00e1 encontrar sacos de papel refor\u00e7ados, sacos de asa plana, sacos de asa torcida, sacos pl (tipo envelope) e sacos de padaria\/farm\u00e1cia.<\/span><\/span><\/p>\n<\/div>\n<\/div>\n<\/div><\/div><\/div><\/div><div class=\"wpb_column vc_column_container\"><div class=\"vc_column-inner\"><div class=\"wpb_text_column\"><div class=\"wpb_wrapper\"><div class=\"image-frame shadow nomargin\">\n<div class=\"image-frame shadow nomargin\">\n<p style=\"text-align: center;\"><span style=\"color: #7049ba;\"><a href=\"http:\/\/www.alvospot.com\/catalogos-pdf\/packing.pdf\" target=\"_blank\" rel=\"noopener noreferrer\"><img loading=\"lazy\" decoding=\"async\" class=\"aligncenter size-full wp-image-6283\" src=\"https:\/\/alvospot.com\/site\/wp-content\/uploads\/2020\/05\/CATALOGO_2020_garcia.jpg\" alt=\"\" width=\"174\" height=\"218\" \/><\/a><\/span><\/p>\n<p style=\"text-align: center;\"><span style=\"color: #7049ba;\">Packaging Solutions<br \/>\n<span style=\"color: #ff9900;\">Artigos para Hotelaria e Restaura\u00e7\u00e3o<\/span><br \/>\nNeste cat\u00e1logo poder\u00e1 encontrar v\u00e1riados tipos de produtos inovadores direcionados para a restaura\u00e7\u00e3o e hotelaria<br \/>\n<\/span><\/p>\n<\/div>\n<\/div>\n<\/div><\/div><\/div><\/div><\/div><\/div><\/section><section class=\"l-section wpb_row height_medium\"><div class=\"l-section-h i-cf\"><div class=\"g-cols vc_row via_grid cols_4 laptops-cols_inherit tablets-cols_inherit mobiles-cols_1 valign_top type_default stacking_default\"><div class=\"wpb_column vc_column_container\"><div class=\"vc_column-inner\"><div class=\"wpb_text_column\"><div class=\"wpb_wrapper\"><div class=\"image-frame shadow nomargin\">\n<div class=\"image-frame shadow nomargin\">\n<div class=\"image-frame shadow nomargin\">\n<p style=\"text-align: center;\"><span style=\"color: #7049ba;\"><a href=\"https:\/\/alvospot.com\/catalogos-pdf\/display.pdf\" target=\"_blank\" rel=\"noopener noreferrer\"><img loading=\"lazy\" decoding=\"async\" class=\"aligncenter size-full wp-image-6228\" src=\"https:\/\/alvospot.com\/site\/wp-content\/uploads\/2019\/04\/CATALOGO_2019_display.jpg\" alt=\"\" width=\"174\" height=\"218\" \/><\/a><\/span><\/p>\n<p style=\"text-align: center;\"><span style=\"color: #7049ba;\">DISPLAY<br \/>\n<span style=\"color: #ff9900;\">Estruturas de Marketing <\/span><br \/>\n<span style=\"color: #800080;\">Estruturas de marketing port\u00e1til e modelar s\u00e3o as solu\u00e7\u00f5es mais populares e de maior impacto visual que podemos encontrar no mercado.<\/span><\/span><\/p>\n<\/div>\n<\/div>\n<\/div>\n<\/div><\/div><\/div><\/div><div class=\"wpb_column vc_column_container\"><div class=\"vc_column-inner\"><div class=\"wpb_text_column\"><div class=\"wpb_wrapper\"><div class=\"image-frame shadow nomargin\">\n<div class=\"image-frame shadow nomargin\">\n<div class=\"image-frame shadow nomargin\">\n<p style=\"text-align: center;\"><a href=\"https:\/\/alvospot.com\/catalogos-pdf\/expositores.pdf\" target=\"_blank\" rel=\"noopener noreferrer\"><span style=\"color: #7049ba;\"><img loading=\"lazy\" decoding=\"async\" class=\"aligncenter size-full wp-image-6284\" src=\"https:\/\/alvospot.com\/site\/wp-content\/uploads\/2020\/05\/CATALOGO_2020_weddt.jpg\" alt=\"\" width=\"174\" height=\"218\" \/><\/span><\/a><\/p>\n<p style=\"text-align: center;\"><span style=\"color: #7049ba;\">ALVOSPOT DISPLAYS<br \/>\n<span style=\"color: #ff9900;\">Displays<\/span><br \/>\n<span style=\"color: #800080;\">Este cat\u00e1logo vem recheado de novos produtos, melhorias em modelos anteriores e imagens reais que permitir\u00e3o desbloquear as objec\u00e7\u00f5es dos seus clientes e fechar as suas vendas.<\/span><\/span><\/p>\n<\/div>\n<\/div>\n<\/div>\n<\/div><\/div><\/div><\/div><div class=\"wpb_column vc_column_container\"><div class=\"vc_column-inner\"><\/div><\/div><div class=\"wpb_column vc_column_container\"><div class=\"vc_column-inner\"><\/div><\/div><\/div><\/div><\/section><section class=\"l-section wpb_row height_medium\"><div class=\"l-section-h i-cf\"><div class=\"g-cols vc_row via_grid cols_4 laptops-cols_inherit tablets-cols_inherit mobiles-cols_1 valign_top type_default stacking_default\"><div class=\"wpb_column vc_column_container\"><div class=\"vc_column-inner\"><div class=\"wpb_text_column\"><div class=\"wpb_wrapper\"><div class=\"image-frame shadow nomargin\">\n<div class=\"image-frame shadow nomargin\">\n<div class=\"image-frame shadow nomargin\">\n<div class=\"image-frame shadow nomargin\"><\/div>\n<p style=\"text-align: center;\"><span style=\"color: #7049ba;\"><a href=\"https:\/\/alvospot.com\/catalogos-pdf\/trofeus.pdf\" target=\"_blank\" rel=\"noopener noreferrer\"><img loading=\"lazy\" decoding=\"async\" class=\"aligncenter size-full wp-image-6235\" src=\"https:\/\/alvospot.com\/site\/wp-content\/uploads\/2019\/04\/CATALOGO_2019_u.jpg\" alt=\"\" width=\"174\" height=\"218\" \/><\/a><\/span><\/p>\n<p style=\"text-align: center;\"><span style=\"color: #7049ba;\">CAT\u00c1LOGO 2019<br \/>\n<span style=\"color: #ff9900;\">Trof\u00e9us, Ta\u00e7as e Medalhas\u00a0<\/span><br \/>\n<span style=\"color: #800080;\">Diverso leque de produtos como trof\u00e9us, ta\u00e7as, medalhas e todo o tipo de lembran\u00e7as comemorativas e desportivas.<\/span><\/span><\/p>\n<\/div>\n<\/div>\n<\/div>\n<\/div><\/div><\/div><\/div><div class=\"wpb_column vc_column_container\"><div class=\"vc_column-inner\"><div class=\"wpb_text_column\"><div class=\"wpb_wrapper\"><div class=\"image-frame shadow nomargin\">\n<div class=\"image-frame shadow nomargin\">\n<div class=\"image-frame shadow nomargin\">\n<p style=\"text-align: center;\"><span style=\"color: #7049ba;\"><a href=\"https:\/\/alvospot.com\/catalogos-pdf\/calendarios.pdf\" target=\"_blank\" rel=\"noopener noreferrer\"><img loading=\"lazy\" decoding=\"async\" class=\"aligncenter size-full wp-image-6263\" src=\"https:\/\/alvospot.com\/site\/wp-content\/uploads\/2019\/11\/CATALOGO_2019_alvospot.jpg\" alt=\"\" width=\"174\" height=\"218\" \/><\/a>CALEND\u00c1RIOS ALVOSPOT<br \/>\n<span style=\"color: #ff9900;\">Calend\u00e1rios Personalizados<\/span><br \/>\n<span style=\"color: #800080;\">Neste cat\u00e1logo poder\u00e1 visualizar todos os tipos de calend\u00e1rios que comercializamos.<\/span><\/span><\/p>\n<\/div>\n<\/div>\n<\/div>\n<\/div><\/div><\/div><\/div><div class=\"wpb_column vc_column_container\"><div class=\"vc_column-inner\"><\/div><\/div><div class=\"wpb_column vc_column_container\"><div class=\"vc_column-inner\"><\/div><\/div><\/div><\/div><\/section>\n","protected":false},"excerpt":{"rendered":"Hidea GIFTS Brindes Personaliz\u00e1veis Neste cat\u00e1logo poder\u00e1 encontrar merchandising original, brindes de impacto, ideias inovadoras e solu\u00e7\u00f5es diferentes. IMPACTO Brindes Personaliz\u00e1veis Neste cat\u00e1logo poder\u00e1 encontrar desde as ideias mais inovadoras em brindes at\u00e9 ao merchandising, brindes promocionais e brindes publicit\u00e1rios mais tradicionais. CAT\u00c1LOGO MKT Brindes Personaliz\u00e1veis Neste cat\u00e1logo poder\u00e1 encontrar desde as ideias mais inovadoras...","protected":false},"author":6,"featured_media":0,"parent":0,"menu_order":0,"comment_status":"closed","ping_status":"closed","template":"","meta":{"footnotes":""},"class_list":["post-5464","page","type-page","status-publish","hentry"],"_links":{"self":[{"href":"https:\/\/alvospot.com\/site\/index.php?rest_route=\/wp\/v2\/pages\/5464","targetHints":{"allow":["GET"]}}],"collection":[{"href":"https:\/\/alvospot.com\/site\/index.php?rest_route=\/wp\/v2\/pages"}],"about":[{"href":"https:\/\/alvospot.com\/site\/index.php?rest_route=\/wp\/v2\/types\/page"}],"author":[{"embeddable":true,"href":"https:\/\/alvospot.com\/site\/index.php?rest_route=\/wp\/v2\/users\/6"}],"replies":[{"embeddable":true,"href":"https:\/\/alvospot.com\/site\/index.php?rest_route=%2Fwp%2Fv2%2Fcomments&post=5464"}],"version-history":[{"count":111,"href":"https:\/\/alvospot.com\/site\/index.php?rest_route=\/wp\/v2\/pages\/5464\/revisions"}],"predecessor-version":[{"id":6446,"href":"https:\/\/alvospot.com\/site\/index.php?rest_route=\/wp\/v2\/pages\/5464\/revisions\/6446"}],"wp:attachment":[{"href":"https:\/\/alvospot.com\/site\/index.php?rest_route=%2Fwp%2Fv2%2Fmedia&parent=5464"}],"curies":[{"name":"wp","href":"https:\/\/api.w.org\/{rel}","templated":true}]}}