{"id":12,"date":"2013-05-31T11:57:37","date_gmt":"2013-05-31T11:57:37","guid":{"rendered":"http:\/\/zephyr.us-themes.com\/pages\/about\/"},"modified":"2025-04-01T15:24:47","modified_gmt":"2025-04-01T14:24:47","slug":"empresa-2","status":"publish","type":"page","link":"https:\/\/alvospot.com\/site\/?page_id=12","title":{"rendered":"Quem Somos?"},"content":{"rendered":"<section class=\"l-section wpb_row height_medium\"><div class=\"l-section-h i-cf\"><div class=\"g-cols vc_row via_grid cols_1 laptops-cols_inherit tablets-cols_inherit mobiles-cols_1 valign_top type_default stacking_default\"><div class=\"wpb_column vc_column_container\"><div class=\"vc_column-inner\"><div class=\"w-tabs layout_hor style_timeline2 switch_click has_scrolling\" style=\"--sections-title-size:1em\"><div class=\"w-tabs-list items_4 align_justify\" style=\"text-transform:uppercase;\"><div class=\"w-tabs-list-h\"><button class=\"w-tabs-item active\" aria-controls=\"content-da20\" aria-expanded=\"false\"><span class=\"w-tabs-item-title\">2008<\/span><\/button><button class=\"w-tabs-item\" aria-controls=\"content-k29f\" aria-expanded=\"false\"><span class=\"w-tabs-item-title\">2010<\/span><\/button><button class=\"w-tabs-item\" aria-controls=\"content-z8a0\" aria-expanded=\"false\"><span class=\"w-tabs-item-title\">2013<\/span><\/button><button class=\"w-tabs-item\" aria-controls=\"content-dfea\" aria-expanded=\"false\"><span class=\"w-tabs-item-title\">2015<\/span><\/button><\/div><\/div><div class=\"w-tabs-sections titles-align_none icon_chevron cpos_right\"><div class=\"w-tabs-section active\" id=\"da20\"><button class=\"w-tabs-section-header active\" aria-controls=\"content-da20\" aria-expanded=\"true\"><div class=\"w-tabs-section-title\">2008<\/div><div class=\"w-tabs-section-control\"><\/div><\/button><div  class=\"w-tabs-section-content\" id=\"content-da20\"><div class=\"w-tabs-section-content-h i-cf\"><div class=\"g-cols wpb_row via_grid cols_2 laptops-cols_inherit tablets-cols_inherit mobiles-cols_1 valign_top type_default stacking_default\" style=\"--columns-gap:3rem;\"><div class=\"wpb_column vc_column_container\"><div class=\"vc_column-inner\"><div class=\"wpb_text_column\"><div class=\"wpb_wrapper\"><h4>Cria\u00e7\u00e3o da Empresa<\/h4>\n<p>A Alvospot foi criada em 2008 fruto da experi\u00eancia dos seus s\u00f3cios gerentes no ramo da publicidade e sacos pl\u00e1sticos.<\/p>\n<\/div><\/div><\/div><\/div><div class=\"wpb_column vc_column_container\"><div class=\"vc_column-inner\"><div class=\"wpb_text_column\"><div class=\"wpb_wrapper\"><h4>Quem Somos?<\/h4>\n<p>Somos uma empresa com 15 anos de experi\u00eancia no mercado da publicidade.Somos uma equipa de consultores especializados nas diversas \u00e1reas, que implementam um cunho pr\u00f3prio a cada uma das suas cria\u00e7\u00f5es, trabalhando em parceria para aproveitar as oportunidades e atingir com efici\u00eancia os objectivos tra\u00e7ados.<\/p>\n<\/div><\/div><\/div><\/div><\/div><\/div><\/div><\/div><div class=\"w-tabs-section\" id=\"k29f\"><button class=\"w-tabs-section-header\" aria-controls=\"content-k29f\" aria-expanded=\"false\"><div class=\"w-tabs-section-title\">2010<\/div><div class=\"w-tabs-section-control\"><\/div><\/button><div  class=\"w-tabs-section-content\" id=\"content-k29f\"><div class=\"w-tabs-section-content-h i-cf\"><div class=\"g-cols wpb_row via_grid cols_1-2 laptops-cols_inherit tablets-cols_inherit mobiles-cols_1 valign_top type_default stacking_default\" style=\"--columns-gap:3rem;\"><div class=\"wpb_column vc_column_container\"><div class=\"vc_column-inner\"><div class=\"w-image align_center\"><div class=\"w-image-h\"><img decoding=\"async\" width=\"395\" height=\"394\" src=\"https:\/\/alvospot.com\/site\/wp-content\/uploads\/2013\/05\/11111054_829637200462282_4378293871371797201_n.jpg\" class=\"attachment-large size-large\" alt=\"\" loading=\"lazy\" srcset=\"https:\/\/alvospot.com\/site\/wp-content\/uploads\/2013\/05\/11111054_829637200462282_4378293871371797201_n.jpg 395w, https:\/\/alvospot.com\/site\/wp-content\/uploads\/2013\/05\/11111054_829637200462282_4378293871371797201_n-150x150.jpg 150w, https:\/\/alvospot.com\/site\/wp-content\/uploads\/2013\/05\/11111054_829637200462282_4378293871371797201_n-300x300.jpg 300w, https:\/\/alvospot.com\/site\/wp-content\/uploads\/2013\/05\/11111054_829637200462282_4378293871371797201_n-350x350.jpg 350w\" sizes=\"auto, (max-width: 395px) 100vw, 395px\" \/><\/div><\/div><\/div><\/div><div class=\"wpb_column vc_column_container\"><div class=\"vc_column-inner\"><div class=\"wpb_text_column\"><div class=\"wpb_wrapper\"><h4>Estrat\u00e9gia de Atua\u00e7\u00e3o<\/h4>\n<p>Criar oportunidades com criatividade e inova\u00e7\u00e3o.<br \/>\nEstabelecer o foco nas metas e objetivos.<br \/>\nExplorar os meios com tenacidade e perseveran\u00e7a.<br \/>\nSeguir os sonhos e a vis\u00e3o .<\/p>\n<\/div><\/div><\/div><\/div><\/div><\/div><\/div><\/div><div class=\"w-tabs-section\" id=\"z8a0\"><button class=\"w-tabs-section-header\" aria-controls=\"content-z8a0\" aria-expanded=\"false\"><div class=\"w-tabs-section-title\">2013<\/div><div class=\"w-tabs-section-control\"><\/div><\/button><div  class=\"w-tabs-section-content\" id=\"content-z8a0\"><div class=\"w-tabs-section-content-h i-cf\"><div class=\"g-cols wpb_row via_grid cols_2-1 laptops-cols_inherit tablets-cols_inherit mobiles-cols_1 valign_top type_default stacking_default\" style=\"--columns-gap:3rem;\"><div class=\"wpb_column vc_column_container\"><div class=\"vc_column-inner\"><div class=\"wpb_text_column\"><div class=\"wpb_wrapper\"><h4>Cinco anos depois<\/h4>\n<p><span style=\"line-height: 1.5;\">A nossa equipa est\u00e1 preparada para todas as situa\u00e7\u00f5es e adversidades que se presentem.<\/span><\/p>\n<\/div><\/div><\/div><\/div><div class=\"wpb_column vc_column_container\"><div class=\"vc_column-inner\"><div class=\"w-image align_center us_animate_afr\"><div class=\"w-image-h\"><img decoding=\"async\" width=\"247\" height=\"226\" src=\"https:\/\/alvospot.com\/site\/wp-content\/uploads\/2013\/05\/logo_vertical.png\" class=\"attachment-large size-large\" alt=\"\" loading=\"lazy\" \/><\/div><\/div><\/div><\/div><\/div><\/div><\/div><\/div><div class=\"w-tabs-section\" id=\"dfea\"><button class=\"w-tabs-section-header\" aria-controls=\"content-dfea\" aria-expanded=\"false\"><div class=\"w-tabs-section-title\">2015<\/div><div class=\"w-tabs-section-control\"><\/div><\/button><div  class=\"w-tabs-section-content\" id=\"content-dfea\"><div class=\"w-tabs-section-content-h i-cf\"><div class=\"g-cols wpb_row via_grid cols_3 laptops-cols_inherit tablets-cols_inherit mobiles-cols_1 valign_top type_default stacking_default\" style=\"--columns-gap:3rem;\"><div class=\"wpb_column vc_column_container\"><div class=\"vc_column-inner\"><div class=\"w-image align_center\"><div class=\"w-image-h\"><img decoding=\"async\" width=\"377\" height=\"114\" src=\"https:\/\/alvospot.com\/site\/wp-content\/uploads\/2016\/01\/logo_alvospot.png\" class=\"attachment-large size-large\" alt=\"\" loading=\"lazy\" srcset=\"https:\/\/alvospot.com\/site\/wp-content\/uploads\/2016\/01\/logo_alvospot.png 377w, https:\/\/alvospot.com\/site\/wp-content\/uploads\/2016\/01\/logo_alvospot-300x91.png 300w\" sizes=\"auto, (max-width: 377px) 100vw, 377px\" \/><\/div><\/div><\/div><\/div><div class=\"wpb_column vc_column_container\"><div class=\"vc_column-inner\"><div class=\"wpb_text_column\"><div class=\"wpb_wrapper\"><h4>Mudan\u00e7a de Sede<\/h4>\n<p>Para melhor servir os nossos clientes optamos por uma melhoria nas nossas instala\u00e7\u00f5es.<\/p>\n<\/div><\/div><\/div><\/div><div class=\"wpb_column vc_column_container\"><div class=\"vc_column-inner\"><div class=\"wpb_text_column\"><div class=\"wpb_wrapper\"><h4>Servi\u00e7os<\/h4>\n<p>A Alvospot \u00e9 uma empresa de cria\u00e7\u00e3o de imagem e publicidade, com uma experi\u00eancia de 15 anos nesta \u00e1rea.<\/p>\n<\/div><\/div><\/div><\/div><\/div><\/div><\/div><\/div><\/div><\/div><\/div><\/div><\/div><\/div><\/section><section class=\"l-section wpb_row us_custom_c63662b2 has_text_color height_medium\"><div class=\"l-section-h i-cf\"><div class=\"g-cols vc_row via_grid cols_4 laptops-cols_inherit tablets-cols_inherit mobiles-cols_1 valign_top type_default stacking_default\"><div class=\"wpb_column vc_column_container us_animate_afc\"><div class=\"vc_column-inner\"><div class=\"w-counter us_custom_a832860b color_custom align_center has_font_size\" data-duration=\"2\"><div class=\"w-counter-value\" style=\"color:#ffffff;\"><span class=\"w-counter-value-part type_text\" data-final=\"\"><\/span><span class=\"w-counter-value-part type_number\" data-final=\"92\">0<\/span><span class=\"w-counter-value-part type_text\" data-final=\"%\">%<\/span><\/div><h6 class=\"w-counter-title\">Feedback positivo<\/h6><\/div><\/div><\/div><div class=\"wpb_column vc_column_container us_animate_afc\" style=\"animation-delay:0.2s\"><div class=\"vc_column-inner\"><div class=\"w-counter us_custom_a832860b color_secondary align_center has_font_size\" data-duration=\"2\"><div class=\"w-counter-value\"><span class=\"w-counter-value-part type_text\" data-final=\"\"><\/span><span class=\"w-counter-value-part type_number\" data-final=\"146\">0<\/span><span class=\"w-counter-value-part type_text\" data-final=\"\"><\/span><\/div><h6 class=\"w-counter-title\">Projetos em desenvolvimento<\/h6><\/div><\/div><\/div><div class=\"wpb_column vc_column_container us_animate_afc\" style=\"animation-delay:0.4s\"><div class=\"vc_column-inner\"><div class=\"w-counter us_custom_a832860b color_primary align_center has_font_size\" data-duration=\"2\"><div class=\"w-counter-value\"><span class=\"w-counter-value-part type_text\" data-final=\"\u20ac\">\u20ac<\/span><span class=\"w-counter-value-part type_number\" data-final=\"28\">0<\/span><span class=\"w-counter-value-part type_text\" data-final=\"\"><\/span><\/div><h6 class=\"w-counter-title\">Custo por hora<\/h6><\/div><\/div><\/div><div class=\"wpb_column vc_column_container us_animate_afc\" style=\"animation-delay:0.6s\"><div class=\"vc_column-inner\"><div class=\"w-counter us_custom_a832860b color_custom align_center has_font_size\" data-duration=\"2\"><div class=\"w-counter-value\" style=\"color:#66ccff;\"><span class=\"w-counter-value-part type_text\" data-final=\"\"><\/span><span class=\"w-counter-value-part type_number\" data-final=\"573\">0<\/span><span class=\"w-counter-value-part type_text\" data-final=\"\"><\/span><\/div><h6 class=\"w-counter-title\">Projetos em 2015<\/h6><\/div><\/div><\/div><\/div><\/div><\/section>\n","protected":false},"excerpt":{"rendered":"20082010201320152008Cria\u00e7\u00e3o da Empresa A Alvospot foi criada em 2008 fruto da experi\u00eancia dos seus s\u00f3cios gerentes no ramo da publicidade e sacos pl\u00e1sticos. Quem Somos? Somos uma empresa com 15 anos de experi\u00eancia no mercado da publicidade.Somos uma equipa de consultores especializados nas diversas \u00e1reas, que implementam um cunho pr\u00f3prio a cada uma das suas...","protected":false},"author":6,"featured_media":0,"parent":0,"menu_order":0,"comment_status":"closed","ping_status":"closed","template":"","meta":{"footnotes":""},"class_list":["post-12","page","type-page","status-publish","hentry"],"_links":{"self":[{"href":"https:\/\/alvospot.com\/site\/index.php?rest_route=\/wp\/v2\/pages\/12","targetHints":{"allow":["GET"]}}],"collection":[{"href":"https:\/\/alvospot.com\/site\/index.php?rest_route=\/wp\/v2\/pages"}],"about":[{"href":"https:\/\/alvospot.com\/site\/index.php?rest_route=\/wp\/v2\/types\/page"}],"author":[{"embeddable":true,"href":"https:\/\/alvospot.com\/site\/index.php?rest_route=\/wp\/v2\/users\/6"}],"replies":[{"embeddable":true,"href":"https:\/\/alvospot.com\/site\/index.php?rest_route=%2Fwp%2Fv2%2Fcomments&post=12"}],"version-history":[{"count":18,"href":"https:\/\/alvospot.com\/site\/index.php?rest_route=\/wp\/v2\/pages\/12\/revisions"}],"predecessor-version":[{"id":6391,"href":"https:\/\/alvospot.com\/site\/index.php?rest_route=\/wp\/v2\/pages\/12\/revisions\/6391"}],"wp:attachment":[{"href":"https:\/\/alvospot.com\/site\/index.php?rest_route=%2Fwp%2Fv2%2Fmedia&parent=12"}],"curies":[{"name":"wp","href":"https:\/\/api.w.org\/{rel}","templated":true}]}}